{"id":138,"date":"2020-12-23T11:58:39","date_gmt":"2020-12-23T10:58:39","guid":{"rendered":"https:\/\/shop.hoplitekeymanager.com\/?post_type=product&#038;p=138"},"modified":"2026-02-01T18:35:52","modified_gmt":"2026-02-01T17:35:52","slug":"hoplite-key-manager-duo-pack","status":"publish","type":"product","link":"https:\/\/shop.hoplitekeymanager.com\/index.php\/product\/hoplite-key-manager-duo-pack\/","title":{"rendered":"Hoplite Key Manager &#8211; Pack Duo"},"content":{"rendered":"<p><span style=\"color: #008000;\"><strong>Le pack Duo permet de commander deux Hoplites \u00e0 un prix r\u00e9duit !<\/strong><\/span><\/p>\n<p>Enregistrez vos donn\u00e9es personnelles dans les deux appareils afin de toujours avoir un Hoplite avec vous, peu importe ce que vous faites et o\u00f9 vous vous trouvez, et conservez votre deuxi\u00e8me Hoplite dans un endroit s\u00fbr. Travailler avec deux Hoplites est un jeu d&rsquo;enfant gr\u00e2ce \u00e0 la fonction Dupliquer un appareil incluse dans l&rsquo;application gratuite Hoplite.<\/p>\n<p>Ce pack contient :<\/p>\n<ul>\n<li>2 Hoplites<\/li>\n<li>2 pochons<\/li>\n<li>1 c\u00e2ble USB-A vers USB-C<\/li>\n<li>1 guide de d\u00e9marrage rapide<\/li>\n<\/ul>\n<hr \/>\n<h3 class=\"western\"><strong>Utilisation de votre Hoplite<\/strong><\/h3>\n<ol>\n<li>T\u00e9l\u00e9chargez l&rsquo;application gratuite qui permet d&rsquo;acc\u00e9der \u00e0 votre Hoplite <a href=\"https:\/\/hoplitekeymanager.com\/index.php?page=download\">depuis le site officiel<\/a>.<em><br \/>\n<\/em><\/li>\n<li>Suivez le guide de d\u00e9marrage rapide pour <a href=\"https:\/\/hoplitekeymanager.com\/index.php?page=gettingstarted\">commencer \u00e0 utiliser votre Hoplite<\/a>.<\/li>\n<\/ol>\n<hr \/>\n<h3 class=\"western\"><strong><img loading=\"lazy\" decoding=\"async\" class=\"alignleft\" src=\"https:\/\/www.theaudioaddict.fr\/img\/cms\/DRAPE%CC%88UAX.jpg\" alt=\"DRAPEAUX FRANCAIS\" width=\"44\" height=\"28\" align=\"bottom\" border=\"0\" \/><\/strong>Con\u00e7u, d\u00e9velopp\u00e9 et fabriqu\u00e9 en France<\/h3>\n","protected":false},"excerpt":{"rendered":"<p>Le pack Duo permet de commander deux Hoplites \u00e0 un prix r\u00e9duit ! Enregistrez vos donn\u00e9es personnelles dans les deux appareils afin de toujours avoir un Hoplite avec vous, peu importe ce que vous faites et o\u00f9 vous vous trouvez, et conservez votre deuxi\u00e8me Hoplite dans un endroit s\u00fbr. Travailler avec deux Hoplites est un [&hellip;]<\/p>\n","protected":false},"featured_media":115,"template":"","meta":[],"product_brand":[],"product_cat":[19],"product_tag":[],"class_list":{"0":"post-138","1":"product","2":"type-product","3":"status-publish","4":"has-post-thumbnail","6":"product_cat-hoplite-key-manager","8":"first","9":"instock","10":"taxable","11":"shipping-taxable","12":"purchasable","13":"product-type-simple"},"_links":{"self":[{"href":"https:\/\/shop.hoplitekeymanager.com\/index.php\/wp-json\/wp\/v2\/product\/138","targetHints":{"allow":["GET"]}}],"collection":[{"href":"https:\/\/shop.hoplitekeymanager.com\/index.php\/wp-json\/wp\/v2\/product"}],"about":[{"href":"https:\/\/shop.hoplitekeymanager.com\/index.php\/wp-json\/wp\/v2\/types\/product"}],"wp:featuredmedia":[{"embeddable":true,"href":"https:\/\/shop.hoplitekeymanager.com\/index.php\/wp-json\/wp\/v2\/media\/115"}],"wp:attachment":[{"href":"https:\/\/shop.hoplitekeymanager.com\/index.php\/wp-json\/wp\/v2\/media?parent=138"}],"wp:term":[{"taxonomy":"product_brand","embeddable":true,"href":"https:\/\/shop.hoplitekeymanager.com\/index.php\/wp-json\/wp\/v2\/product_brand?post=138"},{"taxonomy":"product_cat","embeddable":true,"href":"https:\/\/shop.hoplitekeymanager.com\/index.php\/wp-json\/wp\/v2\/product_cat?post=138"},{"taxonomy":"product_tag","embeddable":true,"href":"https:\/\/shop.hoplitekeymanager.com\/index.php\/wp-json\/wp\/v2\/product_tag?post=138"}],"curies":[{"name":"wp","href":"https:\/\/api.w.org\/{rel}","templated":true}]}}