{"id":49,"date":"2020-11-22T12:42:45","date_gmt":"2020-11-22T11:42:45","guid":{"rendered":"http:\/\/192.168.1.12\/wordpress\/?post_type=product&#038;p=49"},"modified":"2026-02-01T18:29:51","modified_gmt":"2026-02-01T17:29:51","slug":"hoplite-key-manager","status":"publish","type":"product","link":"https:\/\/shop.hoplitekeymanager.com\/index.php\/product\/hoplite-key-manager\/","title":{"rendered":"Hoplite Key Manager &#8211; Solo"},"content":{"rendered":"<p>Ce pack contient :<\/p>\n<ul>\n<li>1 Hoplite<\/li>\n<li>1 pochon<\/li>\n<li>1 c\u00e2ble USB-A vers USB-C<\/li>\n<li>1 guide de d\u00e9marrage rapide<\/li>\n<\/ul>\n<hr \/>\n<h3 class=\"western\"><strong>Utilisation de votre Hoplite<\/strong><\/h3>\n<ol>\n<li>T\u00e9l\u00e9chargez l&rsquo;application gratuite qui permet d&rsquo;acc\u00e9der \u00e0 votre Hoplite <a href=\"https:\/\/hoplitekeymanager.com\/index.php?page=download\">depuis le site officiel<\/a>.<em><br \/>\n<\/em><\/li>\n<li>Suivez le guide de d\u00e9marrage rapide pour <a href=\"https:\/\/hoplitekeymanager.com\/index.php?page=gettingstarted\">commencer \u00e0 utiliser votre Hoplite<\/a>.<\/li>\n<\/ol>\n<hr \/>\n<h3 class=\"western\"><strong><img loading=\"lazy\" decoding=\"async\" class=\"alignleft\" src=\"https:\/\/www.theaudioaddict.fr\/img\/cms\/DRAPE%CC%88UAX.jpg\" alt=\"DRAPEAUX FRANCAIS\" width=\"44\" height=\"28\" align=\"bottom\" border=\"0\" \/><\/strong>Con\u00e7u, d\u00e9velopp\u00e9 et fabriqu\u00e9 en France<\/h3>\n","protected":false},"excerpt":{"rendered":"<p>Ce pack contient : 1 Hoplite 1 pochon 1 c\u00e2ble USB-A vers USB-C 1 guide de d\u00e9marrage rapide Utilisation de votre Hoplite T\u00e9l\u00e9chargez l&rsquo;application gratuite qui permet d&rsquo;acc\u00e9der \u00e0 votre Hoplite depuis le site officiel. Suivez le guide de d\u00e9marrage rapide pour commencer \u00e0 utiliser votre Hoplite. Con\u00e7u, d\u00e9velopp\u00e9 et fabriqu\u00e9 en France<\/p>\n","protected":false},"featured_media":130,"template":"","meta":[],"product_brand":[],"product_cat":[19],"product_tag":[],"class_list":{"0":"post-49","1":"product","2":"type-product","3":"status-publish","4":"has-post-thumbnail","6":"product_cat-hoplite-key-manager","8":"first","9":"instock","10":"taxable","11":"shipping-taxable","12":"purchasable","13":"product-type-simple"},"_links":{"self":[{"href":"https:\/\/shop.hoplitekeymanager.com\/index.php\/wp-json\/wp\/v2\/product\/49","targetHints":{"allow":["GET"]}}],"collection":[{"href":"https:\/\/shop.hoplitekeymanager.com\/index.php\/wp-json\/wp\/v2\/product"}],"about":[{"href":"https:\/\/shop.hoplitekeymanager.com\/index.php\/wp-json\/wp\/v2\/types\/product"}],"wp:featuredmedia":[{"embeddable":true,"href":"https:\/\/shop.hoplitekeymanager.com\/index.php\/wp-json\/wp\/v2\/media\/130"}],"wp:attachment":[{"href":"https:\/\/shop.hoplitekeymanager.com\/index.php\/wp-json\/wp\/v2\/media?parent=49"}],"wp:term":[{"taxonomy":"product_brand","embeddable":true,"href":"https:\/\/shop.hoplitekeymanager.com\/index.php\/wp-json\/wp\/v2\/product_brand?post=49"},{"taxonomy":"product_cat","embeddable":true,"href":"https:\/\/shop.hoplitekeymanager.com\/index.php\/wp-json\/wp\/v2\/product_cat?post=49"},{"taxonomy":"product_tag","embeddable":true,"href":"https:\/\/shop.hoplitekeymanager.com\/index.php\/wp-json\/wp\/v2\/product_tag?post=49"}],"curies":[{"name":"wp","href":"https:\/\/api.w.org\/{rel}","templated":true}]}}